{"id":20,"date":"2020-07-22T09:51:29","date_gmt":"2020-07-22T09:51:29","guid":{"rendered":"https:\/\/demo.cmssuperheroes.com\/themeforest\/kindori\/?page_id=20"},"modified":"2023-04-27T09:25:47","modified_gmt":"2023-04-27T09:25:47","slug":"contact-us","status":"publish","type":"page","link":"https:\/\/www.kipspreschool.com\/index.php\/contact-us\/","title":{"rendered":"Contact Us"},"content":{"rendered":"\t\t<div data-elementor-type=\"wp-page\" data-elementor-id=\"20\" class=\"elementor elementor-20\">\n\t\t\t\t\t\t\t        <section class=\"elementor-section elementor-top-section elementor-element elementor-element-c7f4cd8 elementor-section-boxed elementor-section-height-default elementor-section-height-default\" data-id=\"c7f4cd8\" data-element_type=\"section\">\n        \n                <div class=\"elementor-container elementor-column-gap-default \">\n                <div class=\"elementor-column elementor-col-33 elementor-top-column elementor-element elementor-element-22c654f\" data-id=\"22c654f\" data-element_type=\"column\">\n        <div class=\"elementor-widget-wrap elementor-element-populated\">\n                        \t\t<div class=\"elementor-element elementor-element-615985d elementor-widget elementor-widget-cms_contact_info\" data-id=\"615985d\" data-element_type=\"widget\" data-widget_type=\"cms_contact_info.default\">\n\t\t\t\t<div class=\"elementor-widget-container\">\n\t\t\t<div class=\"cms-contact-info5 border-none \">\r\n\r\n                <div class=\"item--icon\">\r\n            <img decoding=\"async\" width=\"34\" height=\"34\" src=\"https:\/\/www.kipspreschool.com\/wp-content\/uploads\/2020\/08\/map-icon.png\" class=\"attachment-full\" alt=\"\" \/>        <\/div>\r\n    \r\n                        <h3 class=\"entry-title\">\r\n                KIPS PRE SCHOOL Address    \r\n            <\/h3>\r\n            \r\n            <ul class=\"list-li\">\r\n                            <li>\r\n                    KIPS Preschool  K\u0131rlang\u0131\u00e7 Sokak No: 27  G.O.P | \u00c7ankaya | Ankara               <\/li>\r\n                    <\/ul>\r\n    <\/div>\r\n\t\t<\/div>\n\t\t\t\t<\/div>\n\t\t        <\/div>\n        <\/div>\n                <div class=\"elementor-column elementor-col-33 elementor-top-column elementor-element elementor-element-cb50e73\" data-id=\"cb50e73\" data-element_type=\"column\">\n        <div class=\"elementor-widget-wrap elementor-element-populated\">\n                        \t\t<div class=\"elementor-element elementor-element-06555f6 contact-info-custom elementor-widget elementor-widget-cms_contact_info\" data-id=\"06555f6\" data-element_type=\"widget\" data-widget_type=\"cms_contact_info.default\">\n\t\t\t\t<div class=\"elementor-widget-container\">\n\t\t\t<div class=\"cms-contact-info5 border-show \">\r\n\r\n                <div class=\"item--icon\">\r\n            <img decoding=\"async\" width=\"36\" height=\"34\" src=\"https:\/\/www.kipspreschool.com\/wp-content\/uploads\/2020\/08\/chat-icon.png\" class=\"attachment-full\" alt=\"\" \/>        <\/div>\r\n    \r\n                        <h3 class=\"entry-title\">\r\n                Call Us    \r\n            <\/h3>\r\n            \r\n            <ul class=\"list-li\">\r\n                            <li>\r\n                    +90 312 466 46 40                 <\/li>\r\n                            <li>\r\n                    +90 532 374 35 95               <\/li>\r\n                            <li>\r\n                    +90 533 734 72 72               <\/li>\r\n                    <\/ul>\r\n    <\/div>\r\n\t\t<\/div>\n\t\t\t\t<\/div>\n\t\t        <\/div>\n        <\/div>\n                <div class=\"elementor-column elementor-col-33 elementor-top-column elementor-element elementor-element-92f7c64\" data-id=\"92f7c64\" data-element_type=\"column\">\n        <div class=\"elementor-widget-wrap elementor-element-populated\">\n                        \t\t<div class=\"elementor-element elementor-element-797412a elementor-widget elementor-widget-cms_contact_info\" data-id=\"797412a\" data-element_type=\"widget\" data-widget_type=\"cms_contact_info.default\">\n\t\t\t\t<div class=\"elementor-widget-container\">\n\t\t\t<div class=\"cms-contact-info5 border-none \">\r\n\r\n                <div class=\"item--icon\">\r\n            <img decoding=\"async\" width=\"36\" height=\"34\" src=\"https:\/\/www.kipspreschool.com\/wp-content\/uploads\/2020\/08\/mail-icon.png\" class=\"attachment-full\" alt=\"\" \/>        <\/div>\r\n    \r\n                        <h3 class=\"entry-title\">\r\n                Our Email School    \r\n            <\/h3>\r\n            \r\n            <ul class=\"list-li\">\r\n                            <li>\r\n                    info@kipspreschool.com               <\/li>\r\n                    <\/ul>\r\n    <\/div>\r\n\t\t<\/div>\n\t\t\t\t<\/div>\n\t\t        <\/div>\n        <\/div>\n                        <\/div>\n        <\/section>\n                <section class=\"elementor-section elementor-top-section elementor-element elementor-element-495f070 elementor-section-boxed elementor-section-height-default elementor-section-height-default\" data-id=\"495f070\" data-element_type=\"section\">\n        \n                <div class=\"elementor-container elementor-column-gap-default \">\n                <div class=\"elementor-column elementor-col-100 elementor-top-column elementor-element elementor-element-efcdc18\" data-id=\"efcdc18\" data-element_type=\"column\">\n        <div class=\"elementor-widget-wrap elementor-element-populated\">\n                        \t\t<div class=\"elementor-element elementor-element-8730f0c elementor-widget elementor-widget-cms_heading\" data-id=\"8730f0c\" data-element_type=\"widget\" data-widget_type=\"cms_heading.default\">\n\t\t\t\t<div class=\"elementor-widget-container\">\n\t\t\t<div class=\"cms-heading-wrapper cms-heading-layout1 \">\r\n    \r\n            <h3 class=\"custom-heading\">\r\n            <span                 >\r\n                View Site Map<\/span>\r\n        <\/h3>\r\n        \r\n    <\/div>\t\t<\/div>\n\t\t\t\t<\/div>\n\t\t\t\t<div class=\"elementor-element elementor-element-1d8c968 google-map-custom elementor-widget elementor-widget-google_maps\" data-id=\"1d8c968\" data-element_type=\"widget\" data-widget_type=\"google_maps.default\">\n\t\t\t\t<div class=\"elementor-widget-container\">\n\t\t\t<style>\/*! elementor - v3.6.1 - 23-03-2022 *\/\n.elementor-widget-google_maps .elementor-widget-container{overflow:hidden}.elementor-widget-google_maps iframe{height:300px}<\/style>\t\t<div class=\"elementor-custom-embed\">\n\t\t\t<iframe frameborder=\"0\" scrolling=\"no\" marginheight=\"0\" marginwidth=\"0\"\n\t\t\t\t\tsrc=\"https:\/\/maps.google.com\/maps?q=Gaziosmanpa%C5%9Fa%2C%20K%C4%B1rlang%C4%B1%C3%A7%20Sk.%20No%3A27%2C%2006700%20%C3%87ankaya%2FAnkara&#038;t=m&#038;z=10&#038;output=embed&#038;iwloc=near\"\n\t\t\t\t\ttitle=\"Gaziosmanpa\u015fa, K\u0131rlang\u0131\u00e7 Sk. No:27, 06700 \u00c7ankaya\/Ankara\"\n\t\t\t\t\taria-label=\"Gaziosmanpa\u015fa, K\u0131rlang\u0131\u00e7 Sk. No:27, 06700 \u00c7ankaya\/Ankara\"\n\t\t\t><\/iframe>\n\t\t<\/div>\n\t\t\t\t<\/div>\n\t\t\t\t<\/div>\n\t\t        <\/div>\n        <\/div>\n                        <\/div>\n        <\/section>\n        \t\t\t\t\t<\/div>\n\t\t","protected":false},"excerpt":{"rendered":"<p>KIPS PRE SCHOOL Address KIPS Preschool K\u0131rlang\u0131\u00e7 Sokak No: 27 G.O.P | \u00c7ankaya | Ankara Call Us +90 312 466 46 40 +90 532 374 35 95 +90 533 734 72 72 Our Email School info@kipspreschool.com View Site Map<\/p>\n","protected":false},"author":1,"featured_media":0,"parent":0,"menu_order":0,"comment_status":"closed","ping_status":"closed","template":"","meta":{"footnotes":""},"class_list":["post-20","page","type-page","status-publish","hentry"],"_links":{"self":[{"href":"https:\/\/www.kipspreschool.com\/index.php\/wp-json\/wp\/v2\/pages\/20","targetHints":{"allow":["GET"]}}],"collection":[{"href":"https:\/\/www.kipspreschool.com\/index.php\/wp-json\/wp\/v2\/pages"}],"about":[{"href":"https:\/\/www.kipspreschool.com\/index.php\/wp-json\/wp\/v2\/types\/page"}],"author":[{"embeddable":true,"href":"https:\/\/www.kipspreschool.com\/index.php\/wp-json\/wp\/v2\/users\/1"}],"replies":[{"embeddable":true,"href":"https:\/\/www.kipspreschool.com\/index.php\/wp-json\/wp\/v2\/comments?post=20"}],"version-history":[{"count":33,"href":"https:\/\/www.kipspreschool.com\/index.php\/wp-json\/wp\/v2\/pages\/20\/revisions"}],"predecessor-version":[{"id":4903,"href":"https:\/\/www.kipspreschool.com\/index.php\/wp-json\/wp\/v2\/pages\/20\/revisions\/4903"}],"wp:attachment":[{"href":"https:\/\/www.kipspreschool.com\/index.php\/wp-json\/wp\/v2\/media?parent=20"}],"curies":[{"name":"wp","href":"https:\/\/api.w.org\/{rel}","templated":true}]}}